{"id":84,"date":"2019-07-12T20:29:32","date_gmt":"2019-07-12T19:29:32","guid":{"rendered":"https:\/\/www.schaman.ch\/?page_id=84"},"modified":"2021-10-18T10:50:04","modified_gmt":"2021-10-18T08:50:04","slug":"hypnose","status":"publish","type":"page","link":"https:\/\/www.schaman.ch\/it\/hypnose\/","title":{"rendered":"Ipnosi"},"content":{"rendered":"\n<p class=\"wp-block-paragraph\"><strong>Cos&#8217;\u00e8 l&#8217;ipnosi e cosa fa?<\/strong><\/p>\n\n\n\n<p class=\"wp-block-paragraph\">Nello stato ipnotico, l&#8217;attenzione \u00e8 rivolta verso l&#8217;interno, la realt\u00e0 esterna passa in secondo piano.<\/p>\n\n\n\n<p class=\"wp-block-paragraph\">Chiunque pu\u00f2 essere messo in uno stato ipnotico.<\/p>\n\n\n\n<p class=\"wp-block-paragraph\">Questo stato pu\u00f2 essere paragonato al sogno ad occhi aperti, alla meditazione o alla lettura sommersa.<\/p>\n\n\n\n<p class=\"wp-block-paragraph\">Soggettivamente, il cliente di solito sente lo stato ipnotico di trance come un profondo rilassamento.<\/p>\n\n\n\n<p class=\"wp-block-paragraph\">I suggerimenti sono pi\u00f9 facilmente accettati in trance e possono essere utilizzati per i processi di guarigione.<\/p>\n\n\n\n<p class=\"wp-block-paragraph\">I suggerimenti diretti e indiretti aprono l&#8217;accesso al potenziale nascosto e inconscio.<\/p>\n\n\n\n<p class=\"wp-block-paragraph\">L&#8217;ipnosi non corrisponde al sonno: \u00e8 una concentrazione su un&#8217;idea, un pensiero, una parte del corpo, un suggerimento, ecc.<\/p>\n\n\n\n<p class=\"wp-block-paragraph\">Idealmente, il cliente \u00e8 profondamente rilassato fisicamente sotto l&#8217;ipnosi, mentalmente sveglio allo stesso tempo, pi\u00f9 vigile rispetto al normale stato di veglia, perch\u00e9 gli stimoli esterni cessano di esistere.<\/p>\n\n\n\n<p class=\"wp-block-paragraph\">Nessun ipnotizzatore pu\u00f2 indurre una persona ipnotizzata a fare qualcosa di contrario alla sua natura o ai suoi principi morali ed etici.<\/p>\n\n\n\n<p class=\"wp-block-paragraph\">Un buon contatto e la fiducia tra il cliente e l&#8217;ipnoterapeuta (rapporto) sono importanti prerequisiti per raggiungere il successo desiderato.<\/p>\n\n\n\n<p class=\"wp-block-paragraph\">L&#8217;ipnosi utilizza le possibilit\u00e0 mentali e spirituali inerenti all&#8217;individuo. Facilita l&#8217;accesso a quei processi che consentono l&#8217;apprendimento, il ricordo, la guarigione, il cambiamento, ecc.<\/p>\n\n\n\n<p class=\"wp-block-paragraph\">L&#8217;attenzione viene attirata dall&#8217;orientamento superficiale e ordinario e rivolta verso l&#8217;interno.<br><br><strong>Cosa significa per me l&#8217;ipnosi?<\/strong><\/p>\n\n\n\n<p class=\"wp-block-paragraph\">L&#8217;ipnosi \u00e8 diventata una parte molto importante dei trattamenti sciamanici. Speravo molto dall&#8217;ipnosi. Ha superato di gran lunga le mie aspettative. Uso l&#8217;ipnosi nel trattamento sciamanico regolarmente e con grande successo.<\/p>\n","protected":false},"excerpt":{"rendered":"<p>Cos&#8217;\u00e8 l&#8217;ipnosi e cosa fa? Nello stato ipnotico, l&#8217;attenzione \u00e8Continue readingIpnosi<\/p>\n","protected":false},"author":1,"featured_media":0,"parent":0,"menu_order":0,"comment_status":"closed","ping_status":"closed","template":"","meta":{"_crdt_document":"","footnotes":""},"class_list":["post-84","page","type-page","status-publish","hentry"],"translation":{"provider":"WPGlobus","version":"3.0.2","language":"it","enabled_languages":["de","en","es","it","fr"],"languages":{"de":{"title":true,"content":true,"excerpt":false},"en":{"title":true,"content":true,"excerpt":false},"es":{"title":true,"content":true,"excerpt":false},"it":{"title":true,"content":true,"excerpt":false},"fr":{"title":true,"content":true,"excerpt":false}}},"_links":{"self":[{"href":"https:\/\/www.schaman.ch\/it\/wp-json\/wp\/v2\/pages\/84","targetHints":{"allow":["GET"]}}],"collection":[{"href":"https:\/\/www.schaman.ch\/it\/wp-json\/wp\/v2\/pages"}],"about":[{"href":"https:\/\/www.schaman.ch\/it\/wp-json\/wp\/v2\/types\/page"}],"author":[{"embeddable":true,"href":"https:\/\/www.schaman.ch\/it\/wp-json\/wp\/v2\/users\/1"}],"replies":[{"embeddable":true,"href":"https:\/\/www.schaman.ch\/it\/wp-json\/wp\/v2\/comments?post=84"}],"version-history":[{"count":10,"href":"https:\/\/www.schaman.ch\/it\/wp-json\/wp\/v2\/pages\/84\/revisions"}],"predecessor-version":[{"id":416,"href":"https:\/\/www.schaman.ch\/it\/wp-json\/wp\/v2\/pages\/84\/revisions\/416"}],"wp:attachment":[{"href":"https:\/\/www.schaman.ch\/it\/wp-json\/wp\/v2\/media?parent=84"}],"curies":[{"name":"wp","href":"https:\/\/api.w.org\/{rel}","templated":true}]}}