{"id":19,"date":"2018-10-19T10:46:20","date_gmt":"2018-10-19T10:46:20","guid":{"rendered":"http:\/\/aqoyekgee.cyon.link\/?page_id=19"},"modified":"2020-11-22T17:08:05","modified_gmt":"2020-11-22T15:08:05","slug":"schaman","status":"publish","type":"page","link":"https:\/\/www.schaman.ch\/it\/schaman\/","title":{"rendered":"Sciamano"},"content":{"rendered":"\n<p class=\"wp-block-paragraph\"><strong>Uno sciamano \u00e8 un alleato dell&#8217;universo e della natura<\/strong><\/p>\n\n\n\n<p class=\"wp-block-paragraph\">Per me uno sciamano \u00e8 una persona particolarmente sensibile. Lavora da solo con e sui suoi sentimenti. Essere uno sciamano \u00e8 una chiamata e non un lavoro.<\/p>\n\n\n\n<p class=\"wp-block-paragraph\">Lo sciamanesimo (sciamanesimo) \u00e8 un ponte tra amore, sentimenti e gratitudine per le persone, la natura e l&#8217;universo. \u00c8 il percorso dei sentimenti, del rispetto e dell&#8217;armonia. \u00c8 il pi\u00f9 antico metodo di guarigione provato dell&#8217;umanit\u00e0. Questa conoscenza viene trasmessa di generazione in generazione dagli indigeni.<\/p>\n\n\n\n<p class=\"wp-block-paragraph\">Il modo in cui funziona ogni sciamano \u00e8 diverso. Attinge il potere di guarire dalla natura, dagli alleati e dall&#8217;universo stesso.<\/p>\n\n\n\n<p class=\"wp-block-paragraph\">Un viaggio sciamanico \u00e8 la strada per la radice. Il supporto spirituale costruisce un ponte tra il quotidiano e l&#8217;universo oltre il livello di coscienza. Per diventare un tutt&#8217;uno con gli alleati e dedicarsi al pi\u00f9 intimo.<\/p>\n\n\n\n<p class=\"wp-block-paragraph\">Lo sciamano \u00e8 come una fontana. Prende l&#8217;energia o il potere di guarigione dalla fonte e la d\u00e0 al cliente. Chiediamo nel lavoro sciamanico di accendere le forze che lavorano nell&#8217;uomo in modo che egli stesso possa ripristinare il suo equilibrio, la chiarezza e l&#8217;armonia.<\/p>\n\n\n\n<p class=\"wp-block-paragraph\">Ho praticato e imparato le mie pratiche di guarigione per oltre dieci anni al fine di raggiungere il subconscio pi\u00f9 profondo e nascosto dei miei clienti. Con vari corsi di formazione nei settori dello sciamanesimo, dei fiori di Bach, dei tarocchi, della numerologia e dell&#8217;ipnosi, ho costantemente affinato le mie capacit\u00e0. Con questa conoscenza, posso fornire i migliori consigli e cure possibili in varie nuove situazioni di vita.<\/p>\n\n\n\n<p class=\"wp-block-paragraph\">Lavoro con metodi sciamanici, con i miei alleati, la natura e l&#8217;universo.<\/p>\n\n\n\n<p class=\"wp-block-paragraph\">Lo sciamanesimo \u00e8 la via per la radice. Con il supporto spirituale dei miei alleati, costruisco un ponte tra il quotidiano e l&#8217;universo, anche oltre il livello di coscienza.<\/p>\n\n\n\n<p class=\"wp-block-paragraph\">Tutto ci\u00f2 di cui hai bisogno per guarire \u00e8 gi\u00e0 l\u00ec. Hai solo bisogno di usarlo. Indipendentemente dal fatto che si tratti di malattie, esaurimenti, crisi, paure o depressione. Posso darti la forza e l&#8217;energia per guarirti. La mia attivit\u00e0 sciamanica \u00e8 ristabilire il tuo equilibrio personale e imparare a ritrovare la tua chiarezza e armonia, per plasmare il tuo futuro con una nuova gioia di vivere.<\/p>\n","protected":false},"excerpt":{"rendered":"<p>Uno sciamano \u00e8 un alleato dell&#8217;universo e della natura PerContinue readingSciamano<\/p>\n","protected":false},"author":1,"featured_media":0,"parent":0,"menu_order":0,"comment_status":"closed","ping_status":"closed","template":"","meta":{"_crdt_document":"","footnotes":""},"class_list":["post-19","page","type-page","status-publish","hentry"],"translation":{"provider":"WPGlobus","version":"3.0.2","language":"it","enabled_languages":["de","en","es","it","fr"],"languages":{"de":{"title":true,"content":true,"excerpt":false},"en":{"title":true,"content":true,"excerpt":false},"es":{"title":true,"content":true,"excerpt":false},"it":{"title":true,"content":true,"excerpt":false},"fr":{"title":true,"content":true,"excerpt":false}}},"_links":{"self":[{"href":"https:\/\/www.schaman.ch\/it\/wp-json\/wp\/v2\/pages\/19","targetHints":{"allow":["GET"]}}],"collection":[{"href":"https:\/\/www.schaman.ch\/it\/wp-json\/wp\/v2\/pages"}],"about":[{"href":"https:\/\/www.schaman.ch\/it\/wp-json\/wp\/v2\/types\/page"}],"author":[{"embeddable":true,"href":"https:\/\/www.schaman.ch\/it\/wp-json\/wp\/v2\/users\/1"}],"replies":[{"embeddable":true,"href":"https:\/\/www.schaman.ch\/it\/wp-json\/wp\/v2\/comments?post=19"}],"version-history":[{"count":15,"href":"https:\/\/www.schaman.ch\/it\/wp-json\/wp\/v2\/pages\/19\/revisions"}],"predecessor-version":[{"id":325,"href":"https:\/\/www.schaman.ch\/it\/wp-json\/wp\/v2\/pages\/19\/revisions\/325"}],"wp:attachment":[{"href":"https:\/\/www.schaman.ch\/it\/wp-json\/wp\/v2\/media?parent=19"}],"curies":[{"name":"wp","href":"https:\/\/api.w.org\/{rel}","templated":true}]}}