{"id":19,"date":"2018-10-19T10:46:20","date_gmt":"2018-10-19T10:46:20","guid":{"rendered":"http:\/\/aqoyekgee.cyon.link\/?page_id=19"},"modified":"2020-11-22T17:08:05","modified_gmt":"2020-11-22T15:08:05","slug":"schaman","status":"publish","type":"page","link":"https:\/\/www.schaman.ch\/fr\/schaman\/","title":{"rendered":"Chaman"},"content":{"rendered":"\n<p class=\"wp-block-paragraph\"><strong>Un chaman est un alli\u00e9 de l&rsquo;univers et de la nature<\/strong><\/p>\n\n\n\n<p class=\"wp-block-paragraph\">Pour moi, un chaman est une personne particuli\u00e8rement sensible. Il travaille seul avec et sur ses sentiments. \u00catre chaman est une vocation et non un travail.<\/p>\n\n\n\n<p class=\"wp-block-paragraph\">Le chamanisme (chamanisme) est un pont entre l&rsquo;amour, les sentiments et la gratitude envers les gens, la nature et l&rsquo;univers. C&rsquo;est le chemin des sentiments, du respect et de l&rsquo;harmonie. C&rsquo;est la plus ancienne m\u00e9thode de gu\u00e9rison \u00e9prouv\u00e9e de l&rsquo;humanit\u00e9. Ces connaissances sont transmises de g\u00e9n\u00e9ration en g\u00e9n\u00e9ration par les peuples autochtones.<\/p>\n\n\n\n<p class=\"wp-block-paragraph\">La fa\u00e7on dont chaque chaman travaille est diff\u00e9rente. Il tire le pouvoir de gu\u00e9rir de la nature, des alli\u00e9s et de l&rsquo;univers lui-m\u00eame.<\/p>\n\n\n\n<p class=\"wp-block-paragraph\">Un voyage chamanique est le chemin vers la racine. Le soutien spirituel \u00e9tablit un pont entre le quotidien et l&rsquo;univers au-del\u00e0 du niveau de conscience. Afin de ne faire qu&rsquo;un avec les alli\u00e9s et de se consacrer au plus profond.<\/p>\n\n\n\n<p class=\"wp-block-paragraph\">Le chaman est comme une fontaine. Il obtient l&rsquo;\u00e9nergie ou le pouvoir de gu\u00e9rison de la source et la donne au client. Nous demandons dans le travail chamanique d&rsquo;allumer les forces qui agissent chez l&rsquo;homme afin qu&rsquo;il puisse lui-m\u00eame r\u00e9tablir son \u00e9quilibre, sa clart\u00e9 et son harmonie.<\/p>\n\n\n\n<p class=\"wp-block-paragraph\">Je pratique et apprends mes pratiques de gu\u00e9rison depuis plus de dix ans afin d&rsquo;atteindre le subconscient le plus profond et cach\u00e9 de mes clients. Avec diverses formations dans les domaines du chamanisme, des fleurs de Bach, du tarot, de la num\u00e9rologie et de l&rsquo;hypnose, j&rsquo;ai constamment affin\u00e9 mes comp\u00e9tences. Avec ces connaissances, je peux fournir les meilleurs conseils et gu\u00e9rison possibles dans diverses nouvelles situations de la vie.<\/p>\n\n\n\n<p class=\"wp-block-paragraph\">Je travaille avec des m\u00e9thodes chamaniques, avec mes alli\u00e9s, la nature et l&rsquo;univers.<\/p>\n\n\n\n<p class=\"wp-block-paragraph\">Le chamanisme est le chemin vers la racine. Avec le soutien spirituel de mes alli\u00e9s, je construis un pont entre le quotidien et l&rsquo;univers, m\u00eame au-del\u00e0 du niveau de conscience.<\/p>\n\n\n\n<p class=\"wp-block-paragraph\">Tout ce dont vous avez besoin pour gu\u00e9rir est d\u00e9j\u00e0 l\u00e0. Il vous suffit de l&rsquo;utiliser. Qu&rsquo;il s&rsquo;agisse de maladies, de burnouts, de crises, de peurs ou de d\u00e9pression. Je peux vous donner la force et l&rsquo;\u00e9nergie pour vous gu\u00e9rir. Mon activit\u00e9 chamanique est de r\u00e9tablir votre \u00e9quilibre personnel et d&rsquo;apprendre comment retrouver votre clart\u00e9 et votre harmonie, pour fa\u00e7onner votre propre avenir avec une nouvelle joie de vivre.<\/p>\n","protected":false},"excerpt":{"rendered":"<p>Un chaman est un alli\u00e9 de l&rsquo;univers et de laContinue readingChaman<\/p>\n","protected":false},"author":1,"featured_media":0,"parent":0,"menu_order":0,"comment_status":"closed","ping_status":"closed","template":"","meta":{"_crdt_document":"","footnotes":""},"class_list":["post-19","page","type-page","status-publish","hentry"],"translation":{"provider":"WPGlobus","version":"3.0.2","language":"fr","enabled_languages":["de","en","es","it","fr"],"languages":{"de":{"title":true,"content":true,"excerpt":false},"en":{"title":true,"content":true,"excerpt":false},"es":{"title":true,"content":true,"excerpt":false},"it":{"title":true,"content":true,"excerpt":false},"fr":{"title":true,"content":true,"excerpt":false}}},"_links":{"self":[{"href":"https:\/\/www.schaman.ch\/fr\/wp-json\/wp\/v2\/pages\/19","targetHints":{"allow":["GET"]}}],"collection":[{"href":"https:\/\/www.schaman.ch\/fr\/wp-json\/wp\/v2\/pages"}],"about":[{"href":"https:\/\/www.schaman.ch\/fr\/wp-json\/wp\/v2\/types\/page"}],"author":[{"embeddable":true,"href":"https:\/\/www.schaman.ch\/fr\/wp-json\/wp\/v2\/users\/1"}],"replies":[{"embeddable":true,"href":"https:\/\/www.schaman.ch\/fr\/wp-json\/wp\/v2\/comments?post=19"}],"version-history":[{"count":15,"href":"https:\/\/www.schaman.ch\/fr\/wp-json\/wp\/v2\/pages\/19\/revisions"}],"predecessor-version":[{"id":325,"href":"https:\/\/www.schaman.ch\/fr\/wp-json\/wp\/v2\/pages\/19\/revisions\/325"}],"wp:attachment":[{"href":"https:\/\/www.schaman.ch\/fr\/wp-json\/wp\/v2\/media?parent=19"}],"curies":[{"name":"wp","href":"https:\/\/api.w.org\/{rel}","templated":true}]}}