{"id":15,"date":"2018-10-19T10:45:03","date_gmt":"2018-10-19T10:45:03","guid":{"rendered":"http:\/\/aqoyekgee.cyon.link\/?page_id=15"},"modified":"2020-11-22T17:10:52","modified_gmt":"2020-11-22T15:10:52","slug":"tarotberatung","status":"publish","type":"page","link":"https:\/\/www.schaman.ch\/fr\/tarotberatung\/","title":{"rendered":"Conseils de tarot"},"content":{"rendered":"\n<p class=\"wp-block-paragraph\"><strong>Trouvez l&rsquo;\u00e9quilibre avec l&rsquo;imagerie<\/strong><\/p>\n\n\n\n<p class=\"wp-block-paragraph\">Les cartes de tarot avec leurs couleurs et symboles vous montrent des images miroir de votre subconscient. Les cartes peuvent servir de guide \u00e0 vos pr\u00e9occupations.<\/p>\n\n\n\n<p class=\"wp-block-paragraph\">En fonction de votre question actuelle, plusieurs cartes sont plac\u00e9es dans un syst\u00e8me appropri\u00e9. Chaque carte a sa propre signification particuli\u00e8re et individuelle, qui peut fournir des informations sur votre sujet personnel.<\/p>\n\n\n\n<p class=\"wp-block-paragraph\">Les cartes vous donnent acc\u00e8s au pass\u00e9 et au pr\u00e9sent. Souvenirs, souhaits, images et \u00e9v\u00e9nements sont \u00e0 nouveau \u00e9voqu\u00e9s. Avec ces images et ces sentiments, les relations peuvent \u00eatre reconnues et des solutions possibles pour votre sujet peuvent \u00eatre trouv\u00e9es.<\/p>\n\n\n\n<p class=\"wp-block-paragraph\">La lecture de cartes convient \u00e0 TOUS qui souhaitent utiliser le tarot comme un instrument pour clarifier les questions sur leur sujet. Les fiches abordent ce sujet sous un angle compl\u00e8tement diff\u00e9rent et vous donnent un aper\u00e7u tr\u00e8s profond de votre vie int\u00e9rieure.<\/p>\n","protected":false},"excerpt":{"rendered":"<p>Trouvez l&rsquo;\u00e9quilibre avec l&rsquo;imagerie Les cartes de tarot avec leursContinue readingConseils de tarot<\/p>\n","protected":false},"author":1,"featured_media":0,"parent":0,"menu_order":0,"comment_status":"closed","ping_status":"closed","template":"","meta":{"_crdt_document":"","footnotes":""},"class_list":["post-15","page","type-page","status-publish","hentry"],"translation":{"provider":"WPGlobus","version":"3.0.2","language":"fr","enabled_languages":["de","en","es","it","fr"],"languages":{"de":{"title":true,"content":true,"excerpt":false},"en":{"title":true,"content":true,"excerpt":false},"es":{"title":true,"content":true,"excerpt":false},"it":{"title":true,"content":true,"excerpt":false},"fr":{"title":true,"content":true,"excerpt":false}}},"_links":{"self":[{"href":"https:\/\/www.schaman.ch\/fr\/wp-json\/wp\/v2\/pages\/15","targetHints":{"allow":["GET"]}}],"collection":[{"href":"https:\/\/www.schaman.ch\/fr\/wp-json\/wp\/v2\/pages"}],"about":[{"href":"https:\/\/www.schaman.ch\/fr\/wp-json\/wp\/v2\/types\/page"}],"author":[{"embeddable":true,"href":"https:\/\/www.schaman.ch\/fr\/wp-json\/wp\/v2\/users\/1"}],"replies":[{"embeddable":true,"href":"https:\/\/www.schaman.ch\/fr\/wp-json\/wp\/v2\/comments?post=15"}],"version-history":[{"count":6,"href":"https:\/\/www.schaman.ch\/fr\/wp-json\/wp\/v2\/pages\/15\/revisions"}],"predecessor-version":[{"id":164,"href":"https:\/\/www.schaman.ch\/fr\/wp-json\/wp\/v2\/pages\/15\/revisions\/164"}],"wp:attachment":[{"href":"https:\/\/www.schaman.ch\/fr\/wp-json\/wp\/v2\/media?parent=15"}],"curies":[{"name":"wp","href":"https:\/\/api.w.org\/{rel}","templated":true}]}}