{"id":13,"date":"2018-10-19T10:43:43","date_gmt":"2018-10-19T10:43:43","guid":{"rendered":"http:\/\/aqoyekgee.cyon.link\/?page_id=13"},"modified":"2020-11-22T17:16:45","modified_gmt":"2020-11-22T15:16:45","slug":"philosophie","status":"publish","type":"page","link":"https:\/\/www.schaman.ch\/fr\/philosophie\/","title":{"rendered":"Philosophie"},"content":{"rendered":"\n<p class=\"wp-block-paragraph\"><strong>Ma philosophie pour vos conseils visuels individuels<\/strong><\/p>\n\n\n\n<p class=\"wp-block-paragraph\">Le tarot et la gu\u00e9rison ne sont pas seulement un plaisir \u00e0 la mode, mais une sagesse avec une longue tradition. Diff\u00e9rentes cultures ind\u00e9pendantes ont d\u00e9velopp\u00e9 et d\u00e9velopp\u00e9 leurs propres pratiques et th\u00e9ories. Tout cela vous donne l&rsquo;occasion de vous immerger dans un nouveau monde de pens\u00e9e.<\/p>\n\n\n\n<p class=\"wp-block-paragraph\">Gr\u00e2ce \u00e0 mes conseils personnalis\u00e9s, ce monde s&rsquo;ouvre \u00e0 vous. Adapt\u00e9 \u00e0 votre type et \u00e0 vos besoins, je peux vous accompagner dans mon nouveau chemin avec mon exp\u00e9rience.<\/p>\n\n\n\n<p class=\"wp-block-paragraph\">J&rsquo;apprends mes solides comp\u00e9tences dans diff\u00e9rentes formations avanc\u00e9es et les consolide \u00e0 travers plusieurs ann\u00e9es d&rsquo;exp\u00e9rience professionnelle.<\/p>\n","protected":false},"excerpt":{"rendered":"<p>Ma philosophie pour vos conseils visuels individuels Le tarot etContinue readingPhilosophie<\/p>\n","protected":false},"author":1,"featured_media":0,"parent":0,"menu_order":0,"comment_status":"closed","ping_status":"closed","template":"","meta":{"_crdt_document":"","footnotes":""},"class_list":["post-13","page","type-page","status-publish","hentry"],"translation":{"provider":"WPGlobus","version":"3.0.2","language":"fr","enabled_languages":["de","en","es","it","fr"],"languages":{"de":{"title":true,"content":true,"excerpt":false},"en":{"title":true,"content":true,"excerpt":false},"es":{"title":true,"content":true,"excerpt":false},"it":{"title":true,"content":true,"excerpt":false},"fr":{"title":true,"content":true,"excerpt":false}}},"_links":{"self":[{"href":"https:\/\/www.schaman.ch\/fr\/wp-json\/wp\/v2\/pages\/13","targetHints":{"allow":["GET"]}}],"collection":[{"href":"https:\/\/www.schaman.ch\/fr\/wp-json\/wp\/v2\/pages"}],"about":[{"href":"https:\/\/www.schaman.ch\/fr\/wp-json\/wp\/v2\/types\/page"}],"author":[{"embeddable":true,"href":"https:\/\/www.schaman.ch\/fr\/wp-json\/wp\/v2\/users\/1"}],"replies":[{"embeddable":true,"href":"https:\/\/www.schaman.ch\/fr\/wp-json\/wp\/v2\/comments?post=13"}],"version-history":[{"count":12,"href":"https:\/\/www.schaman.ch\/fr\/wp-json\/wp\/v2\/pages\/13\/revisions"}],"predecessor-version":[{"id":332,"href":"https:\/\/www.schaman.ch\/fr\/wp-json\/wp\/v2\/pages\/13\/revisions\/332"}],"wp:attachment":[{"href":"https:\/\/www.schaman.ch\/fr\/wp-json\/wp\/v2\/media?parent=13"}],"curies":[{"name":"wp","href":"https:\/\/api.w.org\/{rel}","templated":true}]}}