{"id":84,"date":"2019-07-12T20:29:32","date_gmt":"2019-07-12T19:29:32","guid":{"rendered":"https:\/\/www.schaman.ch\/?page_id=84"},"modified":"2021-10-18T10:50:04","modified_gmt":"2021-10-18T08:50:04","slug":"hypnose","status":"publish","type":"page","link":"https:\/\/www.schaman.ch\/es\/hypnose\/","title":{"rendered":"Hipnosis"},"content":{"rendered":"\n<p class=\"wp-block-paragraph\"><strong>\u00bfQu\u00e9 es la hipnosis y qu\u00e9 hace?<\/strong><\/p>\n\n\n\n<p class=\"wp-block-paragraph\">En el estado hipn\u00f3tico, la atenci\u00f3n se dirige hacia adentro, la realidad externa queda en segundo plano.<\/p>\n\n\n\n<p class=\"wp-block-paragraph\">Cualquiera puede ser puesto en un estado hipn\u00f3tico si as\u00ed lo desean.<\/p>\n\n\n\n<p class=\"wp-block-paragraph\">Este estado se puede comparar con so\u00f1ar despierto, meditaci\u00f3n o lectura hundida.<\/p>\n\n\n\n<p class=\"wp-block-paragraph\">Subjetivamente, el cliente generalmente siente el estado hipn\u00f3tico de trance como una relajaci\u00f3n profunda.<\/p>\n\n\n\n<p class=\"wp-block-paragraph\">Las sugerencias se aceptan m\u00e1s f\u00e1cilmente en un trance y se pueden utilizar para procesos de curaci\u00f3n.<\/p>\n\n\n\n<p class=\"wp-block-paragraph\">Las sugerencias directas e indirectas abren el acceso al potencial oculto e inconsciente.<\/p>\n\n\n\n<p class=\"wp-block-paragraph\">La hipnosis no corresponde al sue\u00f1o: es una concentraci\u00f3n en una idea, un pensamiento, una parte del cuerpo, una sugerencia, etc.<\/p>\n\n\n\n<p class=\"wp-block-paragraph\">Idealmente, el cliente est\u00e1 profundamente relajado f\u00edsicamente bajo hipnosis, mentalmente despierto al mismo tiempo, m\u00e1s alerta que en el estado normal de vigilia, porque los est\u00edmulos externos dejan de existir.<\/p>\n\n\n\n<p class=\"wp-block-paragraph\">Ning\u00fan hipnotizador puede inducir a una persona hipnotizada a hacer algo que sea contrario a su naturaleza o sus principios morales y \u00e9ticos.<\/p>\n\n\n\n<p class=\"wp-block-paragraph\">El buen contacto y la confianza entre el cliente y el hipnoterapeuta (informe) son requisitos previos importantes para lograr el \u00e9xito deseado.<\/p>\n\n\n\n<p class=\"wp-block-paragraph\">La hipnosis utiliza las posibilidades mentales y espirituales inherentes al individuo. Facilita el acceso a aquellos procesos que permiten aprender, recordar, sanar, cambiar, etc.<\/p>\n\n\n\n<p class=\"wp-block-paragraph\">Se llama la atenci\u00f3n desde la orientaci\u00f3n superficial y ordinaria y se gira hacia adentro.<\/p>\n\n\n\n<p class=\"wp-block-paragraph\"><strong>\u00bfQu\u00e9 significa la hipnosis para m\u00ed?<\/strong><\/p>\n\n\n\n<p class=\"wp-block-paragraph\">La hipnosis se ha convertido en una parte muy importante de los tratamientos cham\u00e1nicos. Esperaba mucho de la hipnosis. \u00a1Super\u00f3 mis expectativas Uso la hipnosis en el tratamiento cham\u00e1nico regularmente y con gran \u00e9xito!<\/p>\n","protected":false},"excerpt":{"rendered":"<p>\u00bfQu\u00e9 es la hipnosis y qu\u00e9 hace? En el estadoContinue readingHipnosis<\/p>\n","protected":false},"author":1,"featured_media":0,"parent":0,"menu_order":0,"comment_status":"closed","ping_status":"closed","template":"","meta":{"_crdt_document":"","footnotes":""},"class_list":["post-84","page","type-page","status-publish","hentry"],"translation":{"provider":"WPGlobus","version":"3.0.2","language":"es","enabled_languages":["de","en","es","it","fr"],"languages":{"de":{"title":true,"content":true,"excerpt":false},"en":{"title":true,"content":true,"excerpt":false},"es":{"title":true,"content":true,"excerpt":false},"it":{"title":true,"content":true,"excerpt":false},"fr":{"title":true,"content":true,"excerpt":false}}},"_links":{"self":[{"href":"https:\/\/www.schaman.ch\/es\/wp-json\/wp\/v2\/pages\/84","targetHints":{"allow":["GET"]}}],"collection":[{"href":"https:\/\/www.schaman.ch\/es\/wp-json\/wp\/v2\/pages"}],"about":[{"href":"https:\/\/www.schaman.ch\/es\/wp-json\/wp\/v2\/types\/page"}],"author":[{"embeddable":true,"href":"https:\/\/www.schaman.ch\/es\/wp-json\/wp\/v2\/users\/1"}],"replies":[{"embeddable":true,"href":"https:\/\/www.schaman.ch\/es\/wp-json\/wp\/v2\/comments?post=84"}],"version-history":[{"count":10,"href":"https:\/\/www.schaman.ch\/es\/wp-json\/wp\/v2\/pages\/84\/revisions"}],"predecessor-version":[{"id":416,"href":"https:\/\/www.schaman.ch\/es\/wp-json\/wp\/v2\/pages\/84\/revisions\/416"}],"wp:attachment":[{"href":"https:\/\/www.schaman.ch\/es\/wp-json\/wp\/v2\/media?parent=84"}],"curies":[{"name":"wp","href":"https:\/\/api.w.org\/{rel}","templated":true}]}}