{"id":268,"date":"2020-06-17T17:56:49","date_gmt":"2020-06-17T15:56:49","guid":{"rendered":"https:\/\/www.schaman.ch\/?page_id=268"},"modified":"2021-10-18T11:39:45","modified_gmt":"2021-10-18T09:39:45","slug":"kraftquelle","status":"publish","type":"page","link":"https:\/\/www.schaman.ch\/es\/kraftquelle\/","title":{"rendered":"Fuente de alimentaci\u00f3n"},"content":{"rendered":"\n<p class=\"wp-block-paragraph\"><\/p>\n\n\n\n<p class=\"wp-block-paragraph\"><strong>Videos de energ\u00eda como fuente de energ\u00eda para cargar sus bater\u00edas<\/strong><\/p>\n\n\n\n<p class=\"wp-block-paragraph\">\u00bfSe siente agotado, cansado, sin energ\u00eda y sin poder? Estos videos de energ\u00eda sirven como fuente de energ\u00eda para recargar sus bater\u00edas y tener suficiente energ\u00eda. Una mirada es suficiente para 2-3 semanas de pura energ\u00eda y suficiente fuerza para todos tus asuntos.<\/p>\n\n\n\n<figure class=\"wp-block-embed is-type-video is-provider-youtube wp-block-embed-youtube wp-embed-aspect-16-9 wp-has-aspect-ratio\"><div class=\"wp-block-embed__wrapper\">\n<iframe loading=\"lazy\" title=\"Power Video - Recharge your batteries (English)\" width=\"1040\" height=\"585\" src=\"https:\/\/www.youtube.com\/embed\/LaQ5kuJ_4c0?feature=oembed\" frameborder=\"0\" allow=\"accelerometer; autoplay; clipboard-write; encrypted-media; gyroscope; picture-in-picture\" allowfullscreen><\/iframe>\n<\/div><\/figure>\n","protected":false},"excerpt":{"rendered":"<p>Videos de energ\u00eda como fuente de energ\u00eda para cargar susContinue readingFuente de alimentaci\u00f3n<\/p>\n","protected":false},"author":1,"featured_media":0,"parent":0,"menu_order":0,"comment_status":"closed","ping_status":"closed","template":"","meta":{"_crdt_document":"","footnotes":""},"class_list":["post-268","page","type-page","status-publish","hentry"],"translation":{"provider":"WPGlobus","version":"3.0.2","language":"es","enabled_languages":["de","en","es","it","fr"],"languages":{"de":{"title":true,"content":true,"excerpt":false},"en":{"title":true,"content":true,"excerpt":false},"es":{"title":true,"content":true,"excerpt":false},"it":{"title":true,"content":true,"excerpt":false},"fr":{"title":true,"content":true,"excerpt":false}}},"_links":{"self":[{"href":"https:\/\/www.schaman.ch\/es\/wp-json\/wp\/v2\/pages\/268","targetHints":{"allow":["GET"]}}],"collection":[{"href":"https:\/\/www.schaman.ch\/es\/wp-json\/wp\/v2\/pages"}],"about":[{"href":"https:\/\/www.schaman.ch\/es\/wp-json\/wp\/v2\/types\/page"}],"author":[{"embeddable":true,"href":"https:\/\/www.schaman.ch\/es\/wp-json\/wp\/v2\/users\/1"}],"replies":[{"embeddable":true,"href":"https:\/\/www.schaman.ch\/es\/wp-json\/wp\/v2\/comments?post=268"}],"version-history":[{"count":15,"href":"https:\/\/www.schaman.ch\/es\/wp-json\/wp\/v2\/pages\/268\/revisions"}],"predecessor-version":[{"id":432,"href":"https:\/\/www.schaman.ch\/es\/wp-json\/wp\/v2\/pages\/268\/revisions\/432"}],"wp:attachment":[{"href":"https:\/\/www.schaman.ch\/es\/wp-json\/wp\/v2\/media?parent=268"}],"curies":[{"name":"wp","href":"https:\/\/api.w.org\/{rel}","templated":true}]}}