{"id":2,"date":"2018-10-19T08:44:56","date_gmt":"2018-10-19T08:44:56","guid":{"rendered":"https:\/\/www.schaman.ch\/?page_id=2"},"modified":"2021-10-18T11:44:05","modified_gmt":"2021-10-18T09:44:05","slug":"sample-page","status":"publish","type":"page","link":"https:\/\/www.schaman.ch\/es\/","title":{"rendered":"Bienvenidos"},"content":{"rendered":"\n<p class=\"has-text-align-center wp-block-paragraph\">Espero poder darle la bienvenida a mi sitio web. Me gustar\u00eda invitarle a informarse sobre los temas que han estado conmigo durante muchos a\u00f1os. Haga clic en el tema y descubra m\u00e1s al respecto. Haga clic en el tema respectivo y conozca m\u00e1s sobre mi <strong><a href=\"https:\/\/www.schaman.ch\/es\/philosophie\/\" data-type=\"URL\" data-id=\"https:\/\/www.schaman.ch\/es\/philosophie\/\" target=\"_blank\" rel=\"noreferrer noopener\">filosof\u00eda<\/a><\/strong> y posibilidades.<\/p>\n\n\n\n<p class=\"has-text-align-right wp-block-paragraph\">Todos han escuchado sobre los <strong><a href=\"https:\/\/www.schaman.ch\/es\/tarotberatung\/\" target=\"_blank\" rel=\"noreferrer noopener\" title=\"Tarotberatung\">consejos del tarot<\/a><\/strong> antes, pero muy pocas personas saben qu\u00e9<br>\u00c1reas de la vida que la lectura de tarjetas puede ayudar en cualquier lugar.<\/p>\n\n\n\n<p class=\"wp-block-paragraph\">Como <strong><a href=\"https:\/\/www.schaman.ch\/es\/geistheiler\/\" data-type=\"URL\" data-id=\"https:\/\/www.schaman.ch\/es\/geistheiler\/\" target=\"_blank\" rel=\"noreferrer noopener\">sanador espiritual<\/a><\/strong>, equilibre el flujo de energ\u00eda \u2026<\/p>\n\n\n\n<p class=\"has-text-align-right wp-block-paragraph\">Activa la autocuraci\u00f3n a trav\u00e9s de la <a href=\"https:\/\/www.schaman.ch\/es\/hypnose\/\" target=\"_blank\" rel=\"noreferrer noopener\" title=\"Hypnose\"><strong>hipnosis<\/strong> <\/a>como<br>Clave para una mente y cuerpo sanos.<\/p>\n\n\n\n<p class=\"wp-block-paragraph\">Un <a rel=\"noreferrer noopener\" title=\"Schaman\" href=\"https:\/\/www.schaman.ch\/es\/schaman\/\" target=\"_blank\"><strong>cham\u00e1n<\/strong> <\/a>es considerado una persona particularmente sensible que a trav\u00e9s del<br>El chamanismo (chamanismo) cierra la brecha entre el amor,<br>Sentimientos y gratitud hacia las personas, la naturaleza y el universo.<\/p>\n\n\n\n<p class=\"has-text-align-right wp-block-paragraph\">Se siente a menudo fl\u00e1cido, sin energ\u00eda e impotencia? <br>Entonces ha venido al lugar correcto en <strong><a href=\"https:\/\/www.schaman.ch\/es\/kraftquelle\/\">Fuente de alimentaci\u00f3n<\/a><\/strong>. <br>Mira mi video de energ\u00eda y recarga tus bater\u00edas. \u00a1Estar\u00e1s entusiasmado!<\/p>\n\n\n\n<p class=\"has-text-align-center wp-block-paragraph\">Me complace ayudarlo como su <strong><a rel=\"noreferrer noopener\" title=\"Berater\" href=\"https:\/\/www.schaman.ch\/es\/berater\/\" target=\"_blank\">asesor<\/a><\/strong> y con gusto lo ayudar\u00e9 con sus inquietudes.<br>Ponte en <a rel=\"noreferrer noopener\" title=\"Kontakt\" href=\"https:\/\/www.schaman.ch\/es\/kontakt\/\" target=\"_blank\"><strong>contacto<\/strong> <\/a>conmigo hoy y da el primer paso hacia un gran futuro.<\/p>\n\n\n\n<p class=\"has-text-align-center wp-block-paragraph\"><strong>Opiniones de los usuarios<\/strong><br> <div class=\"testimonial_group\"> \t<div class=\"full-testimonial\">\n\t\t<div class=\"review-head\">\n\t\t<div class=\"review-info\">\n\t\t<h3 class=\"rr_title\">Ein guter Begleiter<\/h3>\n\t\t<div class=\"clear\"><\/div>\n\t\t<span>\n\t\t<div class=\"rr_review_post_id\" style=display:none>\n\t\t\t<a href=\"https:\/\/www.schaman.ch\/es\/rezensionen\/\">\n\t\t\t\tRese\u00f1as\t\t\t<\/a>\n\t\t<\/div>\n\t\t\t<div class=\"clear\"><\/div>\n\t<\/span>\n\t\t\t<span class=\"rr_date\"><meta content=\"2021-01-26 12:34:30\">\n\t\t\t<time datetime=\"Tuesday, January 26, 2021\">\n\t\t\t\tTuesday, January 26, 2021\t\t\t<\/time>\n\t\t<\/span>\n  \t\t<div class=\"stars\">\n\t\t\t&#9733;&#9733;&#9733;&#9733;&#9733;\t\t<\/div>\n\n\t\t\t\t\t\t<\/div> <!-- close .review-info -->\n\t\t\t<\/div> <!-- close .review-head -->\n\n\t\t\n\n\t\t<div class=\"clear\"><\/div>\n\n\t\t<div class=\"rr_review_text\"  >\n\t\t\t<span class=\"drop_cap\">\u201c<\/span>\n\t\t\t<span>Josef Hermann ist ein wunderbarer Begleiter in tiefen Lebensfragen, die einen besch\u00e4ftigen! Hingehen! Sich einlassen! Es lohnt sich!<\/span>\u201d\n\t\t<\/div>\n\t\t\t<div class=\"rr_review_name\"> - <span>\n\t\t\tPaul Kaiser\t\t\t<\/span>\n\t\t\t<\/div>\n\t\t\t<div class=\"clear\"><\/div>\n\t\t<\/div>\n\t\t<div class=\"full-testimonial\">\n\t\t<div class=\"review-head\">\n\t\t<div class=\"review-info\">\n\t\t<h3 class=\"rr_title\">Zur\u00fcck auf dem Pfad<\/h3>\n\t\t<div class=\"clear\"><\/div>\n\t\t<span>\n\t\t<div class=\"rr_review_post_id\" style=display:none>\n\t\t\t<a href=\"https:\/\/www.schaman.ch\/es\/rezensionen\/\">\n\t\t\t\tRese\u00f1as\t\t\t<\/a>\n\t\t<\/div>\n\t\t\t<div class=\"clear\"><\/div>\n\t<\/span>\n\t\t\t<span class=\"rr_date\"><meta content=\"2020-11-26 15:23:19\">\n\t\t\t<time datetime=\"Thursday, November 26, 2020\">\n\t\t\t\tThursday, November 26, 2020\t\t\t<\/time>\n\t\t<\/span>\n  \t\t<div class=\"stars\">\n\t\t\t&#9733;&#9733;&#9733;&#9733;&#9733;\t\t<\/div>\n\n\t\t\t\t\t\t<\/div> <!-- close .review-info -->\n\t\t\t<\/div> <!-- close .review-head -->\n\n\t\t\n\n\t\t<div class=\"clear\"><\/div>\n\n\t\t<div class=\"rr_review_text\"  >\n\t\t\t<span class=\"drop_cap\">\u201c<\/span>\n\t\t\t<span>Was ich mit nur 3 Terminen in so kurzer Zeit erreichen konnte ist unglaublich. Vielen Dank daf\u00fcr Josef!<\/span>\u201d\n\t\t<\/div>\n\t\t\t<div class=\"rr_review_name\"> - <span>\n\t\t\tKunde xy\t\t\t<\/span>\n\t\t\t<\/div>\n\t\t\t<div class=\"clear\"><\/div>\n\t\t<\/div>\n\t\t<div class=\"full-testimonial\">\n\t\t<div class=\"review-head\">\n\t\t<div class=\"review-info\">\n\t\t<h3 class=\"rr_title\">Fazinierend, was alles m\u00f6glich ist<\/h3>\n\t\t<div class=\"clear\"><\/div>\n\t\t<span>\n\t\t<div class=\"rr_review_post_id\" style=display:none>\n\t\t\t<a href=\"https:\/\/www.schaman.ch\/es\/\">\n\t\t\t\tBienvenidos\t\t\t<\/a>\n\t\t<\/div>\n\t\t\t<div class=\"clear\"><\/div>\n\t<\/span>\n\t\t\t<span class=\"rr_date\"><meta content=\"2020-11-26 13:30:48\">\n\t\t\t<time datetime=\"Thursday, November 26, 2020\">\n\t\t\t\tThursday, November 26, 2020\t\t\t<\/time>\n\t\t<\/span>\n  \t\t<div class=\"stars\">\n\t\t\t&#9733;&#9733;&#9733;&#9733;&#9733;\t\t<\/div>\n\n\t\t\t\t\t\t<\/div> <!-- close .review-info -->\n\t\t\t<\/div> <!-- close .review-head -->\n\n\t\t\n\n\t\t<div class=\"clear\"><\/div>\n\n\t\t<div class=\"rr_review_text\"  >\n\t\t\t<span class=\"drop_cap\">\u201c<\/span>\n\t\t\t<span>Vielen Dank f\u00fcr die Zeit und tolle Erfahrung. Ich kann einen Termin bei Josef Hermann w\u00e4rmstens empfehlen.<\/span>\u201d\n\t\t<\/div>\n\t\t\t<div class=\"rr_review_name\"> - <span>\n\t\t\tKunde\t\t\t<\/span>\n\t\t\t<\/div>\n\t\t\t<div class=\"clear\"><\/div>\n\t\t<\/div>\n\t <\/div>\n\n\t\t\t\t\t<!-- clear the floats -->\n\t\t\t\t\t<div class=\"clear\"><\/div> \t<style>\n\t\t.stars, .rr_star {\n\t\t\tcolor: #ffaf00;\n\t\t}\n\t<\/style>\n\t<\/p>\n","protected":false},"excerpt":{"rendered":"<p>Espero poder darle la bienvenida a mi sitio web. MeContinue readingBienvenidos<\/p>\n","protected":false},"author":1,"featured_media":0,"parent":0,"menu_order":0,"comment_status":"closed","ping_status":"open","template":"templates\/right-sidebar.php","meta":{"_crdt_document":"","footnotes":""},"class_list":["post-2","page","type-page","status-publish","hentry"],"translation":{"provider":"WPGlobus","version":"3.0.2","language":"es","enabled_languages":["de","en","es","it","fr"],"languages":{"de":{"title":true,"content":true,"excerpt":false},"en":{"title":true,"content":true,"excerpt":false},"es":{"title":true,"content":true,"excerpt":false},"it":{"title":true,"content":true,"excerpt":false},"fr":{"title":true,"content":true,"excerpt":false}}},"_links":{"self":[{"href":"https:\/\/www.schaman.ch\/es\/wp-json\/wp\/v2\/pages\/2","targetHints":{"allow":["GET"]}}],"collection":[{"href":"https:\/\/www.schaman.ch\/es\/wp-json\/wp\/v2\/pages"}],"about":[{"href":"https:\/\/www.schaman.ch\/es\/wp-json\/wp\/v2\/types\/page"}],"author":[{"embeddable":true,"href":"https:\/\/www.schaman.ch\/es\/wp-json\/wp\/v2\/users\/1"}],"replies":[{"embeddable":true,"href":"https:\/\/www.schaman.ch\/es\/wp-json\/wp\/v2\/comments?post=2"}],"version-history":[{"count":45,"href":"https:\/\/www.schaman.ch\/es\/wp-json\/wp\/v2\/pages\/2\/revisions"}],"predecessor-version":[{"id":437,"href":"https:\/\/www.schaman.ch\/es\/wp-json\/wp\/v2\/pages\/2\/revisions\/437"}],"wp:attachment":[{"href":"https:\/\/www.schaman.ch\/es\/wp-json\/wp\/v2\/media?parent=2"}],"curies":[{"name":"wp","href":"https:\/\/api.w.org\/{rel}","templated":true}]}}