{"id":19,"date":"2018-10-19T10:46:20","date_gmt":"2018-10-19T10:46:20","guid":{"rendered":"http:\/\/aqoyekgee.cyon.link\/?page_id=19"},"modified":"2020-11-22T17:08:05","modified_gmt":"2020-11-22T15:08:05","slug":"schaman","status":"publish","type":"page","link":"https:\/\/www.schaman.ch\/es\/schaman\/","title":{"rendered":"Cham\u00e1n"},"content":{"rendered":"\n<p class=\"wp-block-paragraph\"><strong>Un cham\u00e1n es un aliado del universo y la naturaleza<\/strong><\/p>\n\n\n\n<p class=\"wp-block-paragraph\">Para m\u00ed, un cham\u00e1n es una persona particularmente sensible. Trabaja solo con y sobre sus sentimientos. Ser un cham\u00e1n es un llamado y no un trabajo.<\/p>\n\n\n\n<p class=\"wp-block-paragraph\">El chamanismo (chamanismo) es un puente entre el amor, los sentimientos y la gratitud hacia las personas, la naturaleza y el universo. Es el camino de los sentimientos, el respeto y la armon\u00eda. Es el m\u00e9todo curativo probado m\u00e1s antiguo de la humanidad. Este conocimiento es transmitido de generaci\u00f3n en generaci\u00f3n por los pueblos ind\u00edgenas.<\/p>\n\n\n\n<p class=\"wp-block-paragraph\">La forma en que trabaja cada cham\u00e1n es diferente. Extrae el poder de sanar de la naturaleza, de los aliados y del universo mismo.<\/p>\n\n\n\n<p class=\"wp-block-paragraph\">Un viaje cham\u00e1nico es el camino a la ra\u00edz. El apoyo espiritual construye un puente entre lo cotidiano y el universo m\u00e1s all\u00e1 del nivel de conciencia. Para hacerse uno con los aliados y dedicarse a lo m\u00e1s \u00edntimo.<\/p>\n\n\n\n<p class=\"wp-block-paragraph\">El cham\u00e1n es como una fuente. Obtiene la energ\u00eda o el poder curativo de la fuente y se lo da al cliente. Pedimos en el trabajo cham\u00e1nico que encienda las fuerzas que trabajan en el hombre para que \u00e9l mismo pueda restaurar su equilibrio, claridad y armon\u00eda.<\/p>\n\n\n\n<p class=\"wp-block-paragraph\">He estado practicando y aprendiendo mis pr\u00e1cticas de curaci\u00f3n durante m\u00e1s de diez a\u00f1os para alcanzar el subconsciente m\u00e1s profundo y oculto de mis clientes. Con varios cursos de capacitaci\u00f3n en los campos del chamanismo, flores de Bach, tarot, numerolog\u00eda e hipnosis, he perfeccionado constantemente mis habilidades. Con este conocimiento, puedo proporcionar el mejor consejo y curaci\u00f3n posibles en varias situaciones nuevas de la vida.<\/p>\n\n\n\n<p class=\"wp-block-paragraph\">Trabajo con m\u00e9todos cham\u00e1nicos, con mis aliados, la naturaleza y el universo.<\/p>\n\n\n\n<p class=\"wp-block-paragraph\">El chamanismo es el camino a la ra\u00edz. Con el apoyo espiritual de mis aliados, construyo un puente entre lo cotidiano y el universo, incluso m\u00e1s all\u00e1 del nivel de conciencia.<\/p>\n\n\n\n<p class=\"wp-block-paragraph\">Todo lo que necesitas para sanar ya est\u00e1 ah\u00ed. Solo necesitas usarlo. Independientemente de si enfermedades, agotamientos, crisis, miedos o depresi\u00f3n. Puedo darte la fuerza y \u200b\u200bla energ\u00eda para curarte. Mi actividad cham\u00e1nica es restablecer su equilibrio personal y aprender c\u00f3mo puede encontrar nuevamente su propia claridad y armon\u00eda, para dar forma a su propio futuro con la nueva alegr\u00eda de vivir.<\/p>\n","protected":false},"excerpt":{"rendered":"<p>Un cham\u00e1n es un aliado del universo y la naturalezaContinue readingCham\u00e1n<\/p>\n","protected":false},"author":1,"featured_media":0,"parent":0,"menu_order":0,"comment_status":"closed","ping_status":"closed","template":"","meta":{"_crdt_document":"","footnotes":""},"class_list":["post-19","page","type-page","status-publish","hentry"],"translation":{"provider":"WPGlobus","version":"3.0.2","language":"es","enabled_languages":["de","en","es","it","fr"],"languages":{"de":{"title":true,"content":true,"excerpt":false},"en":{"title":true,"content":true,"excerpt":false},"es":{"title":true,"content":true,"excerpt":false},"it":{"title":true,"content":true,"excerpt":false},"fr":{"title":true,"content":true,"excerpt":false}}},"_links":{"self":[{"href":"https:\/\/www.schaman.ch\/es\/wp-json\/wp\/v2\/pages\/19","targetHints":{"allow":["GET"]}}],"collection":[{"href":"https:\/\/www.schaman.ch\/es\/wp-json\/wp\/v2\/pages"}],"about":[{"href":"https:\/\/www.schaman.ch\/es\/wp-json\/wp\/v2\/types\/page"}],"author":[{"embeddable":true,"href":"https:\/\/www.schaman.ch\/es\/wp-json\/wp\/v2\/users\/1"}],"replies":[{"embeddable":true,"href":"https:\/\/www.schaman.ch\/es\/wp-json\/wp\/v2\/comments?post=19"}],"version-history":[{"count":15,"href":"https:\/\/www.schaman.ch\/es\/wp-json\/wp\/v2\/pages\/19\/revisions"}],"predecessor-version":[{"id":325,"href":"https:\/\/www.schaman.ch\/es\/wp-json\/wp\/v2\/pages\/19\/revisions\/325"}],"wp:attachment":[{"href":"https:\/\/www.schaman.ch\/es\/wp-json\/wp\/v2\/media?parent=19"}],"curies":[{"name":"wp","href":"https:\/\/api.w.org\/{rel}","templated":true}]}}