{"id":17,"date":"2018-10-19T10:45:28","date_gmt":"2018-10-19T08:45:28","guid":{"rendered":"http:\/\/aqoyekgee.cyon.link\/?page_id=17"},"modified":"2020-11-22T16:41:40","modified_gmt":"2020-11-22T14:41:40","slug":"geistheiler","status":"publish","type":"page","link":"https:\/\/www.schaman.ch\/es\/geistheiler\/","title":{"rendered":"Sanador espiritual"},"content":{"rendered":"\n<p class=\"wp-block-paragraph\">Siempre ha habido personas que utilizaron intuitivamente sus habilidades curativas.<\/p>\n\n\n\n<p class=\"wp-block-paragraph\">Este arte supone que el hombre no solo consiste en el cuerpo material, sino que vive en varios niveles de conciencia al mismo tiempo. Estos son el nivel material, el nivel de sentimiento, el nivel intelectual y el nivel espiritual.<\/p>\n\n\n\n<p class=\"wp-block-paragraph\">El sanador espiritual reequilibra el flujo de energ\u00eda entre estos niveles y le da al paciente la fuerza para superar su enfermedad \u00e9l mismo. El sanador se enfoca en cuidados intensivos y amor. Todo su ser quiere apoyar a los enfermos. De esta manera, el sanador espiritual se convierte en un canal de energ\u00edas curativas que puede transmitir al paciente.<\/p>\n\n\n\n<p class=\"wp-block-paragraph\">Cada sanador tiene que trabajar en s\u00ed mismo todos los d\u00edas. Medita y s\u00e9 uno con el universo para obtener poder y dejar que fluya m\u00e1s.<\/p>\n","protected":false},"excerpt":{"rendered":"<p>Siempre ha habido personas que utilizaron intuitivamente sus habilidades curativas.Continue readingSanador espiritual<\/p>\n","protected":false},"author":1,"featured_media":0,"parent":0,"menu_order":0,"comment_status":"closed","ping_status":"closed","template":"","meta":{"_crdt_document":"","footnotes":""},"class_list":["post-17","page","type-page","status-publish","hentry"],"translation":{"provider":"WPGlobus","version":"3.0.2","language":"es","enabled_languages":["de","en","es","it","fr"],"languages":{"de":{"title":true,"content":true,"excerpt":false},"en":{"title":true,"content":true,"excerpt":false},"es":{"title":true,"content":true,"excerpt":false},"it":{"title":true,"content":true,"excerpt":false},"fr":{"title":true,"content":true,"excerpt":false}}},"_links":{"self":[{"href":"https:\/\/www.schaman.ch\/es\/wp-json\/wp\/v2\/pages\/17","targetHints":{"allow":["GET"]}}],"collection":[{"href":"https:\/\/www.schaman.ch\/es\/wp-json\/wp\/v2\/pages"}],"about":[{"href":"https:\/\/www.schaman.ch\/es\/wp-json\/wp\/v2\/types\/page"}],"author":[{"embeddable":true,"href":"https:\/\/www.schaman.ch\/es\/wp-json\/wp\/v2\/users\/1"}],"replies":[{"embeddable":true,"href":"https:\/\/www.schaman.ch\/es\/wp-json\/wp\/v2\/comments?post=17"}],"version-history":[{"count":13,"href":"https:\/\/www.schaman.ch\/es\/wp-json\/wp\/v2\/pages\/17\/revisions"}],"predecessor-version":[{"id":318,"href":"https:\/\/www.schaman.ch\/es\/wp-json\/wp\/v2\/pages\/17\/revisions\/318"}],"wp:attachment":[{"href":"https:\/\/www.schaman.ch\/es\/wp-json\/wp\/v2\/media?parent=17"}],"curies":[{"name":"wp","href":"https:\/\/api.w.org\/{rel}","templated":true}]}}