{"id":13,"date":"2018-10-19T10:43:43","date_gmt":"2018-10-19T10:43:43","guid":{"rendered":"http:\/\/aqoyekgee.cyon.link\/?page_id=13"},"modified":"2020-11-22T17:16:45","modified_gmt":"2020-11-22T15:16:45","slug":"philosophie","status":"publish","type":"page","link":"https:\/\/www.schaman.ch\/es\/philosophie\/","title":{"rendered":"Filosof\u00eda"},"content":{"rendered":"\n<p class=\"wp-block-paragraph\"><strong>Mi filosof\u00eda para tu asesoramiento visual individual<\/strong><\/p>\n\n\n\n<p class=\"wp-block-paragraph\">El tarot y la curaci\u00f3n no son solo diversi\u00f3n de moda, sino sabidur\u00eda con una larga tradici\u00f3n. Diferentes culturas independientes han desarrollado y desarrollado sus propias pr\u00e1cticas y teor\u00edas. Todo esto brinda la oportunidad de sumergirse en un nuevo mundo de pensamiento.<\/p>\n\n\n\n<p class=\"wp-block-paragraph\">Con mi consejo individual, este mundo se abre para ti. Adaptado a su tipo y sus necesidades, puedo ayudarlo en mi nuevo camino con mi experiencia.<\/p>\n\n\n\n<p class=\"wp-block-paragraph\">Aprendo mis habilidades de sonido en varios cursos de capacitaci\u00f3n avanzada y los consolid\u00e9 a trav\u00e9s de varios a\u00f1os de experiencia profesional.<\/p>\n","protected":false},"excerpt":{"rendered":"<p>Mi filosof\u00eda para tu asesoramiento visual individual El tarot yContinue readingFilosof\u00eda<\/p>\n","protected":false},"author":1,"featured_media":0,"parent":0,"menu_order":0,"comment_status":"closed","ping_status":"closed","template":"","meta":{"_crdt_document":"","footnotes":""},"class_list":["post-13","page","type-page","status-publish","hentry"],"translation":{"provider":"WPGlobus","version":"3.0.2","language":"es","enabled_languages":["de","en","es","it","fr"],"languages":{"de":{"title":true,"content":true,"excerpt":false},"en":{"title":true,"content":true,"excerpt":false},"es":{"title":true,"content":true,"excerpt":false},"it":{"title":true,"content":true,"excerpt":false},"fr":{"title":true,"content":true,"excerpt":false}}},"_links":{"self":[{"href":"https:\/\/www.schaman.ch\/es\/wp-json\/wp\/v2\/pages\/13","targetHints":{"allow":["GET"]}}],"collection":[{"href":"https:\/\/www.schaman.ch\/es\/wp-json\/wp\/v2\/pages"}],"about":[{"href":"https:\/\/www.schaman.ch\/es\/wp-json\/wp\/v2\/types\/page"}],"author":[{"embeddable":true,"href":"https:\/\/www.schaman.ch\/es\/wp-json\/wp\/v2\/users\/1"}],"replies":[{"embeddable":true,"href":"https:\/\/www.schaman.ch\/es\/wp-json\/wp\/v2\/comments?post=13"}],"version-history":[{"count":12,"href":"https:\/\/www.schaman.ch\/es\/wp-json\/wp\/v2\/pages\/13\/revisions"}],"predecessor-version":[{"id":332,"href":"https:\/\/www.schaman.ch\/es\/wp-json\/wp\/v2\/pages\/13\/revisions\/332"}],"wp:attachment":[{"href":"https:\/\/www.schaman.ch\/es\/wp-json\/wp\/v2\/media?parent=13"}],"curies":[{"name":"wp","href":"https:\/\/api.w.org\/{rel}","templated":true}]}}